{"id":7284,"date":"2024-02-09T21:07:56","date_gmt":"2024-02-09T21:07:56","guid":{"rendered":"https:\/\/coloresx.com\/?post_type=product&#038;p=7284"},"modified":"2025-08-01T12:04:03","modified_gmt":"2025-08-01T12:04:03","slug":"uv-led-hybrid-printer-dlican-dli3300s","status":"publish","type":"product","link":"https:\/\/coloresx.com\/es\/product\/uv-led-hybrid-printer-gz-thunderjet-dc1800uv\/","title":{"rendered":"DLICAN DLI3300S Impresora LED UV h\u00edbrida"},"content":{"rendered":"<h2><b>DLICAN UV Hybrid 3300S - Impresora LED UV fiable para uso industrial<\/b><\/h2>\n<p><span style=\"font-weight: 400;\">En <\/span><b>DLICAN DLI3300S<\/b><span style=\"font-weight: 400;\"> es fuerte y fiable <\/span><b>impresora LED UV h\u00edbrida<\/b><span style=\"font-weight: 400;\">, dise\u00f1ada para una producci\u00f3n r\u00e1pida y estable. Imprime tanto en materiales r\u00edgidos (planos) como flexibles (rollos), lo que la convierte en una gran elecci\u00f3n para muchos tipos de negocios de impresi\u00f3n.<\/span><\/p>\n<h3><b>Caracter\u00edsticas principales:<\/b><\/h3>\n<ul>\n<li style=\"font-weight: 400;\" aria-level=\"1\"><b>Sistema de cintur\u00f3n de cuero (igual que las marcas EFI y Durst):<\/b><b><br \/>\n<\/b><span style=\"font-weight: 400;\">Garantiza un movimiento suave del material y una calidad estable durante la impresi\u00f3n a alta velocidad.<\/span><\/li>\n<li style=\"font-weight: 400;\" aria-level=\"1\"><b>Motor lineal magn\u00e9tico y codificador (incluidos de serie):<\/b><b><br \/>\n<\/b><span style=\"font-weight: 400;\">Proporciona un movimiento r\u00e1pido y preciso del carro para impresiones limpias y precisas.<\/span><\/li>\n<li style=\"font-weight: 400;\" aria-level=\"1\"><b>Barras antiest\u00e1ticas (incluidas):<\/b><b><br \/>\n<\/b><span style=\"font-weight: 400;\">Reduce la est\u00e1tica en materiales sint\u00e9ticos, ayudando a prevenir problemas de polvo durante trabajos de impresi\u00f3n largos.<\/span><\/li>\n<li style=\"font-weight: 400;\" aria-level=\"1\"><b>L\u00e1mparas LED UV de alta potencia:<\/b><b><br \/>\n<\/b><span style=\"font-weight: 400;\">Curado r\u00e1pido y rendimiento fiable en muchos materiales y aplicaciones.<\/span><\/li>\n<li style=\"font-weight: 400;\" aria-level=\"1\"><b>Construido para uso industrial:<\/b><b><br \/>\n<\/b><span style=\"font-weight: 400;\">Dise\u00f1ada para una producci\u00f3n continua con bajo mantenimiento y resultados constantes.<\/span><\/li>\n<\/ul>\n<h3><b>\u00bfPor qu\u00e9 elegir el DLICAN 3300S?<\/b><\/h3>\n<p data-start=\"218\" data-end=\"456\"><span style=\"font-weight: 400;\">En <\/span><b>DLICAN UV H\u00edbrido 3300S<\/b><span style=\"font-weight: 400;\"> es una soluci\u00f3n fiable para empresas que necesitan alto rendimiento, calidad de impresi\u00f3n y fiabilidad a largo plazo, a un precio competitivo.<\/span><\/p>\n<p data-start=\"1259\" data-end=\"1365\"><a href=\"https:\/\/youtu.be\/1QUy_LI3S-k\" target=\"_blank\" rel=\"noopener\">Enlace al v\u00eddeo<\/a><\/p>","protected":false},"excerpt":{"rendered":"<p>DLICAN UV Hybrid 3300S \u2013 Reliable UV LED Printer for Industrial Use The DLICAN DLI3300S is a strong and reliable hybrid UV LED printer, designed for fast and stable production. [&hellip;]<\/p>\n<p><a href=\"https:\/\/coloresx.com\/es\/product\/uv-led-hybrid-printer-gz-thunderjet-dc1800uv\/\" class=\"more-link style2-button\">Seguir leyendo<\/a><\/p>","protected":false},"featured_media":7882,"template":"","meta":{"inline_featured_image":false},"product_cat":[222,208],"product_tag":[],"class_list":["post-7284","product","type-product","status-publish","has-post-thumbnail","hentry","product_cat-dlican","product_cat-hybrid-uv-led-printers"],"_links":{"self":[{"href":"https:\/\/coloresx.com\/es\/wp-json\/wp\/v2\/product\/7284","targetHints":{"allow":["GET"]}}],"collection":[{"href":"https:\/\/coloresx.com\/es\/wp-json\/wp\/v2\/product"}],"about":[{"href":"https:\/\/coloresx.com\/es\/wp-json\/wp\/v2\/types\/product"}],"wp:featuredmedia":[{"embeddable":true,"href":"https:\/\/coloresx.com\/es\/wp-json\/wp\/v2\/media\/7882"}],"wp:attachment":[{"href":"https:\/\/coloresx.com\/es\/wp-json\/wp\/v2\/media?parent=7284"}],"wp:term":[{"taxonomy":"product_cat","embeddable":true,"href":"https:\/\/coloresx.com\/es\/wp-json\/wp\/v2\/product_cat?post=7284"},{"taxonomy":"product_tag","embeddable":true,"href":"https:\/\/coloresx.com\/es\/wp-json\/wp\/v2\/product_tag?post=7284"}],"curies":[{"name":"wp","href":"https:\/\/api.w.org\/{rel}","templated":true}]}}