{"id":6833,"date":"2023-09-12T14:10:14","date_gmt":"2023-09-12T14:10:14","guid":{"rendered":"http:\/\/coloresx.com\/?post_type=product&#038;p=6833"},"modified":"2024-02-13T11:17:07","modified_gmt":"2024-02-13T11:17:07","slug":"gzr5200km","status":"publish","type":"product","link":"https:\/\/coloresx.com\/es\/product\/gzr5200km\/","title":{"rendered":"Impresora h\u00edbrida UV LED GZ GZR5200KM"},"content":{"rendered":"<p><strong>Impresora UV h\u00edbrida de 5,2 m l\u00edder del sector.<\/strong><\/p>\n<p class=\"cvGsUA direction-ltr align-start para-style-body\"><strong><span class=\"OYPEnA text-decoration-none text-strikethrough-none\">Aplicaciones:<br \/>\n<\/span><\/strong><span class=\"OYPEnA text-decoration-none text-strikethrough-none\">- L\u00e1mina de techo<br \/>\n<\/span><span class=\"OYPEnA text-decoration-none text-strikethrough-none\">- Frontlit<br \/>\n<\/span><span class=\"OYPEnA text-decoration-none text-strikethrough-none\">- Retroiluminado<br \/>\n<\/span><span class=\"OYPEnA text-decoration-none text-strikethrough-none\">- Bandera<br \/>\n<\/span><span class=\"OYPEnA text-decoration-none text-strikethrough-none\">- Tejido<br \/>\n<\/span><span class=\"OYPEnA text-decoration-none text-strikethrough-none\">- Tablero de PVC<br \/>\n<\/span><span class=\"OYPEnA text-decoration-none text-strikethrough-none\">- Placa de espuma<br \/>\n<\/span><span class=\"OYPEnA text-decoration-none text-strikethrough-none\">- Papel corrugado, etc.<\/span><\/p>\n<p><strong>Ventajas:<br \/>\n<\/strong><span class=\"OYPEnA text-decoration-none text-strikethrough-none\">- Konica 1024i\/1024a <\/span><span class=\"OYPEnA text-decoration-none text-strikethrough-none\">cabezales de impresi\u00f3n<br \/>\n<\/span><span class=\"OYPEnA text-decoration-none text-strikethrough-none\">- PN independiente <\/span><span class=\"OYPEnA text-decoration-none text-strikethrough-none\">para cada color<br \/>\n<\/span><span class=\"OYPEnA text-decoration-none text-strikethrough-none\">- Motor lineal y <\/span><span class=\"OYPEnA text-decoration-none text-strikethrough-none\">codificador met\u00e1lico<br \/>\n<\/span><span class=\"OYPEnA text-decoration-none text-strikethrough-none\">- Mesa de vac\u00edo de 4 zonas<br \/>\n<\/span><span class=\"OYPEnA text-decoration-none text-strikethrough-none\">- Eje neum\u00e1tico de tama\u00f1o normal<br \/>\n<\/span><span class=\"OYPEnA text-decoration-none text-strikethrough-none\">- Cinta y rodillo esparcidor<\/span><\/p>\n<p><iframe loading=\"lazy\" title=\"GZR5200KM\" width=\"1160\" height=\"870\" src=\"https:\/\/www.youtube.com\/embed\/g17HJaDPueo?feature=oembed\" frameborder=\"0\" allow=\"accelerometer; autoplay; clipboard-write; encrypted-media; gyroscope; picture-in-picture; web-share\" allowfullscreen><\/iframe><\/p>","protected":false},"excerpt":{"rendered":"<p>Industry leading 5.2m Hybrid UV printer! Applications: &#8211; Ceiling film &#8211; Frontlit &#8211; Backlit &#8211; Banner &#8211; Fabric &#8211; PVC board &#8211; Foam board &#8211; Corrugated paper, etc. Benefits: &#8211; [&hellip;]<\/p>\n<p><a href=\"https:\/\/coloresx.com\/es\/product\/gzr5200km\/\" class=\"more-link style2-button\">Seguir leyendo<\/a><\/p>","protected":false},"featured_media":6834,"template":"","meta":{"inline_featured_image":false},"product_cat":[199],"product_tag":[],"class_list":["post-6833","product","type-product","status-publish","has-post-thumbnail","hentry","product_cat-uv-led-hybrid-printers"],"_links":{"self":[{"href":"https:\/\/coloresx.com\/es\/wp-json\/wp\/v2\/product\/6833","targetHints":{"allow":["GET"]}}],"collection":[{"href":"https:\/\/coloresx.com\/es\/wp-json\/wp\/v2\/product"}],"about":[{"href":"https:\/\/coloresx.com\/es\/wp-json\/wp\/v2\/types\/product"}],"wp:featuredmedia":[{"embeddable":true,"href":"https:\/\/coloresx.com\/es\/wp-json\/wp\/v2\/media\/6834"}],"wp:attachment":[{"href":"https:\/\/coloresx.com\/es\/wp-json\/wp\/v2\/media?parent=6833"}],"wp:term":[{"taxonomy":"product_cat","embeddable":true,"href":"https:\/\/coloresx.com\/es\/wp-json\/wp\/v2\/product_cat?post=6833"},{"taxonomy":"product_tag","embeddable":true,"href":"https:\/\/coloresx.com\/es\/wp-json\/wp\/v2\/product_tag?post=6833"}],"curies":[{"name":"wp","href":"https:\/\/api.w.org\/{rel}","templated":true}]}}