{"id":6824,"date":"2023-09-12T14:20:43","date_gmt":"2023-09-12T14:20:43","guid":{"rendered":"http:\/\/coloresx.com\/?post_type=product&#038;p=6824"},"modified":"2025-07-08T19:35:13","modified_gmt":"2025-07-08T19:35:13","slug":"gzf2008d","status":"publish","type":"product","link":"https:\/\/coloresx.com\/es\/product\/gzf2008d\/","title":{"rendered":"Impresora UV h\u00edbrida GZF2008D"},"content":{"rendered":"<p><strong>Impresora UV h\u00edbrida de conversi\u00f3n de banda Imprima sustratos flexibles y r\u00edgidos con un solo dispositivo.<\/strong><\/p>\n<p class=\"cvGsUA direction-ltr align-start para-style-body\"><strong><span class=\"OYPEnA text-decoration-none text-strikethrough-none\">Aplicaciones:<br \/>\n<\/span><\/strong><span class=\"OYPEnA text-decoration-none text-strikethrough-none\">- L\u00e1mina de techo<br \/>\n<\/span><span class=\"OYPEnA text-decoration-none text-strikethrough-none\">- Retroiluminado<br \/>\n<\/span><span class=\"OYPEnA text-decoration-none text-strikethrough-none\">- Tablero de PVC<br \/>\n<\/span><span class=\"OYPEnA text-decoration-none text-strikethrough-none\">- Placa de espuma<br \/>\n<\/span><span class=\"OYPEnA text-decoration-none text-strikethrough-none\">- Papel corrugado, etc.<\/span><\/p>\n<p><strong>Ventajas:<br \/>\n<\/strong><span class=\"OYPEnA text-decoration-none text-strikethrough-none\">- Ricoh Gen5\/ Gen6 <\/span><span class=\"OYPEnA text-decoration-none text-strikethrough-none\">cabezales de impresi\u00f3n<br \/>\n<\/span><span class=\"OYPEnA text-decoration-none text-strikethrough-none\">- Sistema de presi\u00f3n negativa<br \/>\n<\/span><span class=\"OYPEnA text-decoration-none text-strikethrough-none\">- Barra de alineaci\u00f3n de soportes<br \/>\n<\/span><span class=\"OYPEnA text-decoration-none text-strikethrough-none\">- Sistema de correas preciso<br \/>\n<\/span><span class=\"OYPEnA text-decoration-none text-strikethrough-none\">- Mesa plegable integrada<br \/>\n<\/span><span class=\"OYPEnA text-decoration-none text-strikethrough-none\">- L\u00e1mparas LED UV <\/span><span class=\"OYPEnA text-decoration-none text-strikethrough-none\">&amp; Eliminador de est\u00e1tica<\/span><\/p>\n<p><a href=\"https:\/\/youtu.be\/caK5V0FTWcc\" target=\"_blank\" rel=\"noopener\">Enlace al v\u00eddeo<\/a><\/p>","protected":false},"excerpt":{"rendered":"<p>Hybrid Belt-converting UV printer! Print flexible and rigid substrates from a single device! Applications: &#8211; Ceiling film &#8211; Backlit &#8211; PVC board &#8211; Foam board &#8211; Corrugated paper, etc. Benefits: [&hellip;]<\/p>\n<p><a href=\"https:\/\/coloresx.com\/es\/product\/gzf2008d\/\" class=\"more-link style2-button\">Seguir leyendo<\/a><\/p>","protected":false},"featured_media":6827,"template":"","meta":{"inline_featured_image":false},"product_cat":[215],"product_tag":[],"class_list":["post-6824","product","type-product","status-publish","has-post-thumbnail","hentry","product_cat-gz-hybrid-uv-led-printers"],"_links":{"self":[{"href":"https:\/\/coloresx.com\/es\/wp-json\/wp\/v2\/product\/6824","targetHints":{"allow":["GET"]}}],"collection":[{"href":"https:\/\/coloresx.com\/es\/wp-json\/wp\/v2\/product"}],"about":[{"href":"https:\/\/coloresx.com\/es\/wp-json\/wp\/v2\/types\/product"}],"wp:featuredmedia":[{"embeddable":true,"href":"https:\/\/coloresx.com\/es\/wp-json\/wp\/v2\/media\/6827"}],"wp:attachment":[{"href":"https:\/\/coloresx.com\/es\/wp-json\/wp\/v2\/media?parent=6824"}],"wp:term":[{"taxonomy":"product_cat","embeddable":true,"href":"https:\/\/coloresx.com\/es\/wp-json\/wp\/v2\/product_cat?post=6824"},{"taxonomy":"product_tag","embeddable":true,"href":"https:\/\/coloresx.com\/es\/wp-json\/wp\/v2\/product_tag?post=6824"}],"curies":[{"name":"wp","href":"https:\/\/api.w.org\/{rel}","templated":true}]}}