{"id":6788,"date":"2023-09-12T15:25:34","date_gmt":"2023-09-12T15:25:34","guid":{"rendered":"http:\/\/coloresx.com\/?post_type=product&#038;p=6788"},"modified":"2026-04-02T07:10:30","modified_gmt":"2026-04-02T07:10:30","slug":"h1612gi","status":"publish","type":"product","link":"https:\/\/coloresx.com\/es\/product\/h1612gi\/","title":{"rendered":"UV LED flatbed printer GZ H1612EI"},"content":{"rendered":"<p><strong>Impresora UV plana peque\u00f1a de gama alta para una mayor productividad en platinas m\u00e1s grandes.<\/strong><\/p>\n<p class=\"cvGsUA direction-ltr align-start para-style-body\"><strong><span class=\"OYPEnA text-decoration-none text-strikethrough-none\">Aplicaciones:<br \/>\n<\/span><\/strong><span class=\"OYPEnA text-decoration-none text-strikethrough-none\">- fundas para tel\u00e9fonos<br \/>\n<\/span><span class=\"OYPEnA text-decoration-none text-strikethrough-none\">- cuadernos de notas<br \/>\n<\/span><span class=\"OYPEnA text-decoration-none text-strikethrough-none\">- corrales<br \/>\n<\/span><span class=\"OYPEnA text-decoration-none text-strikethrough-none\">- madera<br \/>\n<\/span><span class=\"OYPEnA text-decoration-none text-strikethrough-none\">- acr\u00edlico<br \/>\n<\/span><span class=\"OYPEnA text-decoration-none text-strikethrough-none\">- y otros art\u00edculos para personalizar<\/span><\/p>\n<p><strong>Ventajas:<br \/>\n<\/strong><span class=\"OYPEnA text-decoration-none text-strikethrough-none\">&#8211; Epson i3200 print heads<\/span><span class=\"OYPEnA text-decoration-none text-strikethrough-none\"><br \/>\n<\/span><span class=\"OYPEnA text-decoration-none text-strikethrough-none\">- 4 zonas 166 x 133 cm <\/span><span class=\"OYPEnA text-decoration-none text-strikethrough-none\">platina de vac\u00edo<br \/>\n<\/span><span class=\"OYPEnA text-decoration-none text-strikethrough-none\">- CPS opcional <\/span><span class=\"OYPEnA text-decoration-none text-strikethrough-none\">(Sistema de Posicionamiento por C\u00e1mara)<br \/>\n<\/span><span class=\"OYPEnA text-decoration-none text-strikethrough-none\">- Clynder opcional <\/span><span class=\"OYPEnA text-decoration-none text-strikethrough-none\">kit de impresi\u00f3n<br \/>\n<\/span><span class=\"OYPEnA text-decoration-none text-strikethrough-none\">- 4 refrigeraci\u00f3n por agua <\/span><span class=\"OYPEnA text-decoration-none text-strikethrough-none\">L\u00e1mparas LED UV<br \/>\n<\/span><span class=\"OYPEnA text-decoration-none text-strikethrough-none\">- Viga de acero con <\/span><span class=\"OYPEnA text-decoration-none text-strikethrough-none\">gu\u00edas lineales dobles<br \/>\n<\/span><span class=\"OYPEnA text-decoration-none text-strikethrough-none\">- Potente soplador de vac\u00edo<br \/>\n<\/span><span class=\"OYPEnA text-decoration-none text-strikethrough-none\">- Calefactores incorporados &amp; <\/span><span class=\"OYPEnA text-decoration-none text-strikethrough-none\">Presi\u00f3n negativa<\/span><\/p>\n<p>&nbsp;<\/p>\n<p><iframe loading=\"lazy\" title=\"GZ H1612GI Impresora plana LED UV\" width=\"1160\" height=\"653\" src=\"https:\/\/www.youtube.com\/embed\/ayk_qdJ_RMA?feature=oembed\" frameborder=\"0\" allow=\"accelerometer; autoplay; clipboard-write; encrypted-media; gyroscope; picture-in-picture; web-share\" allowfullscreen><\/iframe><\/p>","protected":false},"excerpt":{"rendered":"<p>Impresora UV plana peque\u00f1a de gama alta para una mayor productividad en platinas m\u00e1s grandes. Aplicaciones: - fundas de tel\u00e9fono - libretas - bol\u00edgrafos - madera - acr\u00edlico - [...]<\/p>\n<p><a href=\"https:\/\/coloresx.com\/es\/product\/h1612gi\/\" class=\"more-link style2-button\">Seguir leyendo<\/a><\/p>","protected":false},"featured_media":6791,"template":"","meta":{"inline_featured_image":false},"product_cat":[198],"product_tag":[],"class_list":["post-6788","product","type-product","status-publish","has-post-thumbnail","hentry","product_cat-uv-led-flatbed-printers"],"_links":{"self":[{"href":"https:\/\/coloresx.com\/es\/wp-json\/wp\/v2\/product\/6788","targetHints":{"allow":["GET"]}}],"collection":[{"href":"https:\/\/coloresx.com\/es\/wp-json\/wp\/v2\/product"}],"about":[{"href":"https:\/\/coloresx.com\/es\/wp-json\/wp\/v2\/types\/product"}],"wp:featuredmedia":[{"embeddable":true,"href":"https:\/\/coloresx.com\/es\/wp-json\/wp\/v2\/media\/6791"}],"wp:attachment":[{"href":"https:\/\/coloresx.com\/es\/wp-json\/wp\/v2\/media?parent=6788"}],"wp:term":[{"taxonomy":"product_cat","embeddable":true,"href":"https:\/\/coloresx.com\/es\/wp-json\/wp\/v2\/product_cat?post=6788"},{"taxonomy":"product_tag","embeddable":true,"href":"https:\/\/coloresx.com\/es\/wp-json\/wp\/v2\/product_tag?post=6788"}],"curies":[{"name":"wp","href":"https:\/\/api.w.org\/{rel}","templated":true}]}}