{"id":6755,"date":"2023-09-12T16:01:46","date_gmt":"2023-09-12T16:01:46","guid":{"rendered":"http:\/\/coloresx.com\/?post_type=product&#038;p=6755"},"modified":"2025-10-06T10:58:42","modified_gmt":"2025-10-06T10:58:42","slug":"thunderjet-gs3208t","status":"publish","type":"product","link":"https:\/\/coloresx.com\/es\/product\/thunderjet-gs3208t\/","title":{"rendered":"Impresora textil de sublimaci\u00f3n GZ ThunderJet GS3208T"},"content":{"rendered":"<p><strong>\u00a1Impresora de sublimaci\u00f3n superancha de 3,2 m!<\/strong><\/p>\n<p class=\"cvGsUA direction-ltr align-start para-style-body\"><strong><span class=\"OYPEnA text-decoration-none text-strikethrough-none\">Aplicaciones:<br \/>\n<\/span><\/strong><span class=\"OYPEnA text-decoration-none text-strikethrough-none\">- Ropa deportiva<br \/>\n<\/span><span class=\"OYPEnA text-decoration-none text-strikethrough-none\">- Moda<br \/>\n<\/span><span class=\"OYPEnA text-decoration-none text-strikethrough-none\">- Textil para el hogar, etc.<\/span><\/p>\n<p><strong>Ventajas:<br \/>\n<\/strong>- 8x Cabezales de impresi\u00f3n originales Epson I3200 A1<br \/>\n- Tecnolog\u00eda de punto variable GZ<br \/>\n- Sistema autom\u00e1tico de taponado y limpieza<br \/>\n- Medios para trabajos pesados <span class=\"OYPEnA text-decoration-none text-strikethrough-none\">Sistema<br \/>\n<\/span><span class=\"OYPEnA text-decoration-none text-strikethrough-none\">- Potentes secadores IR dobles<br \/>\n<\/span>- Tinta de gran volumen <span class=\"OYPEnA text-decoration-none text-strikethrough-none\">Sistema de suministro<\/span><\/p>\n<p>&nbsp;<\/p>\n<p><iframe loading=\"lazy\" title=\"GZ ThunderJet GS3208T\" width=\"1160\" height=\"653\" src=\"https:\/\/www.youtube.com\/embed\/-q2PovAkPnc?feature=oembed\" frameborder=\"0\" allow=\"accelerometer; autoplay; clipboard-write; encrypted-media; gyroscope; picture-in-picture; web-share\" referrerpolicy=\"strict-origin-when-cross-origin\" allowfullscreen><\/iframe><\/p>\n<p>&nbsp;<\/p>","protected":false},"excerpt":{"rendered":"<p>\u00a1Impresora de sublimaci\u00f3n superancha de 3,2 m! Aplicaciones: - Ropa deportiva - Moda - Textil hogar, etc. Ventajas: - 8x Cabezales de impresi\u00f3n originales Epson I3200 A1 - Tecnolog\u00eda de punto variable GZ [...]<\/p>\n<p><a href=\"https:\/\/coloresx.com\/es\/product\/thunderjet-gs3208t\/\" class=\"more-link style2-button\">Seguir leyendo<\/a><\/p>","protected":false},"featured_media":6756,"template":"","meta":{"inline_featured_image":false},"product_cat":[195],"product_tag":[],"class_list":["post-6755","product","type-product","status-publish","has-post-thumbnail","hentry","product_cat-sublimation-textile-printers"],"_links":{"self":[{"href":"https:\/\/coloresx.com\/es\/wp-json\/wp\/v2\/product\/6755","targetHints":{"allow":["GET"]}}],"collection":[{"href":"https:\/\/coloresx.com\/es\/wp-json\/wp\/v2\/product"}],"about":[{"href":"https:\/\/coloresx.com\/es\/wp-json\/wp\/v2\/types\/product"}],"wp:featuredmedia":[{"embeddable":true,"href":"https:\/\/coloresx.com\/es\/wp-json\/wp\/v2\/media\/6756"}],"wp:attachment":[{"href":"https:\/\/coloresx.com\/es\/wp-json\/wp\/v2\/media?parent=6755"}],"wp:term":[{"taxonomy":"product_cat","embeddable":true,"href":"https:\/\/coloresx.com\/es\/wp-json\/wp\/v2\/product_cat?post=6755"},{"taxonomy":"product_tag","embeddable":true,"href":"https:\/\/coloresx.com\/es\/wp-json\/wp\/v2\/product_tag?post=6755"}],"curies":[{"name":"wp","href":"https:\/\/api.w.org\/{rel}","templated":true}]}}