{"id":6747,"date":"2023-09-12T16:02:46","date_gmt":"2023-09-12T16:02:46","guid":{"rendered":"http:\/\/coloresx.com\/?post_type=product&#038;p=6747"},"modified":"2025-10-06T10:52:22","modified_gmt":"2025-10-06T10:52:22","slug":"apsaras-g5","status":"publish","type":"product","link":"https:\/\/coloresx.com\/es\/product\/apsaras-g5\/","title":{"rendered":"Impresora textil por sublimaci\u00f3n GZ Apsaras G5"},"content":{"rendered":"<p><strong>Soluci\u00f3n de sublimaci\u00f3n con 8 cabezales de hasta 360 SQM\/H de salida.<\/strong><\/p>\n<p class=\"cvGsUA direction-ltr align-start para-style-body\"><strong><span class=\"OYPEnA text-decoration-none text-strikethrough-none\">Aplicaciones:<br \/>\n<\/span><\/strong><span class=\"OYPEnA text-decoration-none text-strikethrough-none\">- Ropa deportiva<br \/>\n<\/span><span class=\"OYPEnA text-decoration-none text-strikethrough-none\">- Moda<br \/>\n<\/span><span class=\"OYPEnA text-decoration-none text-strikethrough-none\">- Textil para el hogar, etc.<\/span><\/p>\n<p><strong>Ventajas:<br \/>\n<\/strong>- 8x Cabezales de impresi\u00f3n originales Epson I3200 A1<br \/>\n<span class=\"OYPEnA text-decoration-none text-strikethrough-none\">- Alimentador industrial<br \/>\n<\/span>- Sistema anticolisi\u00f3n<br \/>\n- Secador IR eficiente<br \/>\n- Tecnolog\u00eda de punto variable GZ<br \/>\n- Sistema autom\u00e1tico de taponado y limpieza<br \/>\n<span class=\"OYPEnA text-decoration-none text-strikethrough-none\">- Asa de medios industriales <\/span><span class=\"OYPEnA text-decoration-none text-strikethrough-none\">Sistema multimedia<br \/>\n<\/span>- Plato ranurado antiarrugas<br \/>\n<span class=\"OYPEnA text-decoration-none text-strikethrough-none\">- Tinta de gran volumen <\/span><span class=\"OYPEnA text-decoration-none text-strikethrough-none\">Sistema de suministro<\/span><\/p>\n<p>&nbsp;<\/p>\n<p><iframe loading=\"lazy\" title=\"Apsaras G5 Sublimation Printer | 8-Head High-Speed Industrial Printer\" width=\"1160\" height=\"653\" src=\"https:\/\/www.youtube.com\/embed\/7ld-upjjC_M?feature=oembed\" frameborder=\"0\" allow=\"accelerometer; autoplay; clipboard-write; encrypted-media; gyroscope; picture-in-picture; web-share\" referrerpolicy=\"strict-origin-when-cross-origin\" allowfullscreen><\/iframe><\/p>\n<p>&nbsp;<\/p>","protected":false},"excerpt":{"rendered":"<p>Sublimation solution with 8 heads up to 360 SQM\/H output! Applications: &#8211; Sports wear &#8211; Fashion &#8211; Home textile, etc. Benefits: &#8211; 8x Genuine Epson I3200 A1 Print Heads &#8211; [&hellip;]<\/p>\n<p><a href=\"https:\/\/coloresx.com\/es\/product\/apsaras-g5\/\" class=\"more-link style2-button\">Seguir leyendo<\/a><\/p>","protected":false},"featured_media":6750,"template":"","meta":{"inline_featured_image":false},"product_cat":[195],"product_tag":[],"class_list":["post-6747","product","type-product","status-publish","has-post-thumbnail","hentry","product_cat-sublimation-textile-printers"],"_links":{"self":[{"href":"https:\/\/coloresx.com\/es\/wp-json\/wp\/v2\/product\/6747","targetHints":{"allow":["GET"]}}],"collection":[{"href":"https:\/\/coloresx.com\/es\/wp-json\/wp\/v2\/product"}],"about":[{"href":"https:\/\/coloresx.com\/es\/wp-json\/wp\/v2\/types\/product"}],"wp:featuredmedia":[{"embeddable":true,"href":"https:\/\/coloresx.com\/es\/wp-json\/wp\/v2\/media\/6750"}],"wp:attachment":[{"href":"https:\/\/coloresx.com\/es\/wp-json\/wp\/v2\/media?parent=6747"}],"wp:term":[{"taxonomy":"product_cat","embeddable":true,"href":"https:\/\/coloresx.com\/es\/wp-json\/wp\/v2\/product_cat?post=6747"},{"taxonomy":"product_tag","embeddable":true,"href":"https:\/\/coloresx.com\/es\/wp-json\/wp\/v2\/product_tag?post=6747"}],"curies":[{"name":"wp","href":"https:\/\/api.w.org\/{rel}","templated":true}]}}