{"id":6738,"date":"2023-09-12T16:03:48","date_gmt":"2023-09-12T16:03:48","guid":{"rendered":"http:\/\/coloresx.com\/?post_type=product&#038;p=6738"},"modified":"2025-10-06T10:51:32","modified_gmt":"2025-10-06T10:51:32","slug":"apsaras-g4","status":"publish","type":"product","link":"https:\/\/coloresx.com\/es\/product\/apsaras-g4\/","title":{"rendered":"Impresora textil por sublimaci\u00f3n GZ Apsaras G4"},"content":{"rendered":"<p><strong>Soluci\u00f3n de sublimaci\u00f3n con 4 cabezales de hasta 185 SQM\/H de rendimiento.<\/strong><\/p>\n<p class=\"cvGsUA direction-ltr align-start para-style-body\"><strong><span class=\"OYPEnA text-decoration-none text-strikethrough-none\">Aplicaciones:<br \/>\n<\/span><\/strong><span class=\"OYPEnA text-decoration-none text-strikethrough-none\">- Ropa deportiva<br \/>\n&#8211; <\/span><span class=\"OYPEnA text-decoration-none text-strikethrough-none\">Moda<br \/>\n<\/span><span class=\"OYPEnA text-decoration-none text-strikethrough-none\">- Textil para el hogar, etc.<\/span><\/p>\n<p><strong>Ventajas:<br \/>\n<\/strong><span class=\"OYPEnA text-decoration-none text-strikethrough-none\">- 4x Cabezales de impresi\u00f3n originales Epson I3200 A1<br \/>\n&#8211; <\/span><span class=\"OYPEnA text-decoration-none text-strikethrough-none\">Alimentador industrial<br \/>\n<\/span>- Sistema anticolisi\u00f3n<br \/>\n- Secador IR eficiente<br \/>\n- Tecnolog\u00eda de punto variable GZ<br \/>\n- Sistema autom\u00e1tico de taponado y limpieza<br \/>\n<span class=\"OYPEnA text-decoration-none text-strikethrough-none\">- Medios de alta precisi\u00f3n <\/span><span class=\"OYPEnA text-decoration-none text-strikethrough-none\">Sistema<br \/>\n<\/span>- Plato ranurado antiarrugas<br \/>\n<span class=\"OYPEnA text-decoration-none text-strikethrough-none\">- Tinta de gran volumen <\/span><span class=\"OYPEnA text-decoration-none text-strikethrough-none\">Sistema de suministro<\/span><\/p>\n<p>&nbsp;<\/p>\n<p><iframe loading=\"lazy\" title=\"Meet the Apsaras G4 | Power Sublimation in 120 Seconds!\" width=\"1160\" height=\"653\" src=\"https:\/\/www.youtube.com\/embed\/U4fPMKhplM8?feature=oembed\" frameborder=\"0\" allow=\"accelerometer; autoplay; clipboard-write; encrypted-media; gyroscope; picture-in-picture; web-share\" referrerpolicy=\"strict-origin-when-cross-origin\" allowfullscreen><\/iframe><\/p>\n<p>&nbsp;<\/p>","protected":false},"excerpt":{"rendered":"<p>Sublimation solution with 4 heads up to 185 SQM\/H output! Applications: &#8211; Sports wear &#8211; Fashion &#8211; Home textile, etc. Benefits: &#8211; 4x Genuine Epson I3200 A1 Print Heads &#8211; [&hellip;]<\/p>\n<p><a href=\"https:\/\/coloresx.com\/es\/product\/apsaras-g4\/\" class=\"more-link style2-button\">Seguir leyendo<\/a><\/p>","protected":false},"featured_media":6740,"template":"","meta":{"inline_featured_image":false},"product_cat":[195],"product_tag":[],"class_list":["post-6738","product","type-product","status-publish","has-post-thumbnail","hentry","product_cat-sublimation-textile-printers"],"_links":{"self":[{"href":"https:\/\/coloresx.com\/es\/wp-json\/wp\/v2\/product\/6738","targetHints":{"allow":["GET"]}}],"collection":[{"href":"https:\/\/coloresx.com\/es\/wp-json\/wp\/v2\/product"}],"about":[{"href":"https:\/\/coloresx.com\/es\/wp-json\/wp\/v2\/types\/product"}],"wp:featuredmedia":[{"embeddable":true,"href":"https:\/\/coloresx.com\/es\/wp-json\/wp\/v2\/media\/6740"}],"wp:attachment":[{"href":"https:\/\/coloresx.com\/es\/wp-json\/wp\/v2\/media?parent=6738"}],"wp:term":[{"taxonomy":"product_cat","embeddable":true,"href":"https:\/\/coloresx.com\/es\/wp-json\/wp\/v2\/product_cat?post=6738"},{"taxonomy":"product_tag","embeddable":true,"href":"https:\/\/coloresx.com\/es\/wp-json\/wp\/v2\/product_tag?post=6738"}],"curies":[{"name":"wp","href":"https:\/\/api.w.org\/{rel}","templated":true}]}}