{"id":6707,"date":"2023-09-11T14:05:24","date_gmt":"2023-09-11T14:05:24","guid":{"rendered":"http:\/\/coloresx.com\/?post_type=product&#038;p=6707"},"modified":"2023-12-12T16:46:19","modified_gmt":"2023-12-12T16:46:19","slug":"firebird-gtx-optimized-cleaning-solution","status":"publish","type":"product","link":"https:\/\/coloresx.com\/es\/product\/solucion-de-limpieza-optimizada-firebird-gtx\/","title":{"rendered":"Soluci\u00f3n de limpieza optimizada FIREBIRD GTX"},"content":{"rendered":"<p>FIREBIRD GTX\u2122 Soluci\u00f3n Limpiadora Optimizada (GCS) es la forma m\u00e1s r\u00e1pida y sencilla de realizar el mantenimiento de su impresora Brother\u00ae GTX\u2122.* Este proceso suele durar m\u00e1s de una hora con otros limpiadores, pero FIREBIRD lo reduce a menos de veinte minutos. Simplemente sustituya su limpiador habitual por FIREBIRD y ver\u00e1 la diferencia de inmediato.<\/p>\n<p><strong>Compatibilidad: <\/strong><span class=\"OYPEnA text-decoration-none text-strikethrough-none\">Impresoras Brother GTX<\/span><\/p>\n<p><strong> \u00dasalo: <\/strong><span class=\"OYPEnA text-decoration-none text-strikethrough-none\">Soluci\u00f3n limpiadora para <\/span><span class=\"OYPEnA text-decoration-none text-strikethrough-none\">Mantenimiento de la impresora GTX<\/span><\/p>\n<p><strong>Paso 1: Sustituya su limpiador actual por GCS.<\/strong><\/p>\n<p>Puede utilizar unos 50 ml para toda la limpieza. Tambi\u00e9n necesitar\u00e1s las pinzas y un \"R-Stick\" que ven\u00edan con tu impresora.<\/p>\n<p><strong>Paso 2: Iniciar el ciclo de mantenimiento<\/strong><\/p>\n<p>En el men\u00fa de la impresora, seleccione Mantenimiento y, a continuaci\u00f3n, Limpieza\/sustituci\u00f3n de la pieza de mantenimiento. Tambi\u00e9n le sugerimos que programe ahora un temporizador de dieciocho minutos para evitar que se sequen los cabezales de impresi\u00f3n o que se desperdicie tinta en una limpieza pesada.<\/p>\n<p><strong>Paso 3: Limpiar el interior de la impresora<\/strong><\/p>\n<p>Utilice un bastoncillo de espuma para absorber un poco de GCS. Util\u00edcelo para eliminar suavemente la tinta seca. El GCS deber\u00eda deshacer los atascos mucho m\u00e1s f\u00e1cilmente que otras opciones, pero tenga cuidado de no frotar demasiado fuerte. Las impresoras DTG son delicadas y puede da\u00f1ar algo caro. Tambi\u00e9n debe limpiar el protector blanco de la boquilla, la tapa de escape y los limpiadores por separado de las piezas de tinta del mismo color. La Brother GTX\u2122 iniciar\u00e1 una limpieza autom\u00e1tica pesada despu\u00e9s de veinte minutos durante este ciclo, as\u00ed que trate de cerrar la cubierta de la impresora en la marca de dieciocho minutos. Esto ahorrar\u00e1 bastante tinta al realizar una limpieza de cabezales m\u00e1s ligera.<\/p>\n<p><strong>Paso 4: Repetir seg\u00fan sea necesario<\/strong><\/p>\n<p>Aunque FIREBIRD GCS puede permitirle evitar m\u00e1s de una limpieza, esto puede requerir algo de pr\u00e1ctica. Mientras tanto, aseg\u00farate de mirar el reloj para que no te pille desprevenido.<\/p>\n<p>*GTX\u2122 es una marca registrada de Brother International Corporation y no ha producido, avalado, garantizado ni aprobado este producto.<\/p>","protected":false},"excerpt":{"rendered":"<p>FIREBIRD GTX\u2122 Optimized Cleaning Solution (GCS) is the quickest and easiest way to perform maintenance on your Brother\u00ae GTX\u2122 printer.* This process typically takes over an hour with other cleaners, [&hellip;]<\/p>\n<p><a href=\"https:\/\/coloresx.com\/es\/product\/solucion-de-limpieza-optimizada-firebird-gtx\/\" class=\"more-link style2-button\">Seguir leyendo<\/a><\/p>","protected":false},"featured_media":6708,"template":"","meta":{"inline_featured_image":false},"product_cat":[189],"product_tag":[],"class_list":["post-6707","product","type-product","status-publish","has-post-thumbnail","hentry","product_cat-firebird"],"_links":{"self":[{"href":"https:\/\/coloresx.com\/es\/wp-json\/wp\/v2\/product\/6707","targetHints":{"allow":["GET"]}}],"collection":[{"href":"https:\/\/coloresx.com\/es\/wp-json\/wp\/v2\/product"}],"about":[{"href":"https:\/\/coloresx.com\/es\/wp-json\/wp\/v2\/types\/product"}],"wp:featuredmedia":[{"embeddable":true,"href":"https:\/\/coloresx.com\/es\/wp-json\/wp\/v2\/media\/6708"}],"wp:attachment":[{"href":"https:\/\/coloresx.com\/es\/wp-json\/wp\/v2\/media?parent=6707"}],"wp:term":[{"taxonomy":"product_cat","embeddable":true,"href":"https:\/\/coloresx.com\/es\/wp-json\/wp\/v2\/product_cat?post=6707"},{"taxonomy":"product_tag","embeddable":true,"href":"https:\/\/coloresx.com\/es\/wp-json\/wp\/v2\/product_tag?post=6707"}],"curies":[{"name":"wp","href":"https:\/\/api.w.org\/{rel}","templated":true}]}}