{"id":6692,"date":"2023-09-11T14:43:05","date_gmt":"2023-09-11T14:43:05","guid":{"rendered":"http:\/\/coloresx.com\/?post_type=product&#038;p=6692"},"modified":"2023-12-12T16:45:49","modified_gmt":"2023-12-12T16:45:49","slug":"dtg-ink-compatible-with-brother-gtx-pro-b","status":"publish","type":"product","link":"https:\/\/coloresx.com\/es\/product\/dtg-ink-compatible-con-brother-gtx-pro-b\/","title":{"rendered":"Tinta DTG compatible con Brother GTX Pro B"},"content":{"rendered":"<p>Tinta DTG compatible con las impresoras Brother GTX Pro B, fabricada por FIREBIRD Ink.<\/p>\n<p>Colores: Blanco, Cian, Magenta, Amarillo, Negro<\/p>\n<p><b>M\u00e1xima opacidad y tranquilidad<\/b><\/p>\n<ul>\n<li>Nuestras tintas compatibles con GTX proporcionan una cobertura de tinta \u00f3ptima, lo que se traduce en un menor uso de tinta y un importante ahorro de costes en comparaci\u00f3n con las tintas OEM.<\/li>\n<li>Certificado CPSIA y OEKO-TEX.<\/li>\n<\/ul>\n<p><b>Nota<\/b>:<\/p>\n<ul>\n<li>Al mezclar con tinta OEM Brother GTX, tenga en cuenta:\n<ul>\n<li>CMYK puede mezclarse f\u00e1cilmente.<\/li>\n<li>La tinta blanca puede mezclarse a niveles bajos.<\/li>\n<\/ul>\n<\/li>\n<li><strong>Requiere 8L<\/strong>\u00a0de tinta blanca con la primera compra, para cargar correctamente la tinta hasta el \"nivel inicial\" adecuado (consulte la tabla siguiente):<\/li>\n<\/ul>\n<p><img decoding=\"async\" src=\"https:\/\/cdn.shopify.com\/s\/files\/1\/0068\/0244\/0276\/files\/ProB_Level_Chart_480x480.jpg?v=1650405497\" alt=\"\" \/><\/p>\n<p><em>Brother\u00ae GTX\u2122 y pro B\u2122 \/ Pro Bulk<\/em><em>\u2122<\/em><em>\u00a0son marcas registradas de Brother International Corporation y no han producido, avalado, garantizado o aprobado el uso de FIREBIRD Ink's\u00a0<\/em><em>tinta de terceros, pretratamiento, y \/ o soluciones de limpieza que no son productos OEM originales. FIREBIRD Ink apoyar\u00e1 y garantizar\u00e1 plenamente su satisfacci\u00f3n 100%, como lo hacemos con todos nuestros productos.<\/em><\/p>\n<p><strong>Compatibilidad: <\/strong><span class=\"OYPEnA text-decoration-none text-strikethrough-none\">Brother GTX ProBulk<\/span><\/p>\n<p><strong> \u00dasalo: <\/strong><span class=\"OYPEnA text-decoration-none text-strikethrough-none\">Tinta de repuesto para la impresora Brother GTX ProBulk DTG<\/span><\/p>\n<p>**Disponible en envase de 4 litros<\/p>","protected":false},"excerpt":{"rendered":"<p>DTG printer ink compatible with Brother GTX Pro B printers, made by FIREBIRD Ink. Colors: White, Cyan, Magenta, Yellow, Black Maximum Opacity &amp; Peace of Mind Our GTX compatible inks [&hellip;]<\/p>\n<p><a href=\"https:\/\/coloresx.com\/es\/product\/dtg-ink-compatible-con-brother-gtx-pro-b\/\" class=\"more-link style2-button\">Seguir leyendo<\/a><\/p>","protected":false},"featured_media":6693,"template":"","meta":{"inline_featured_image":false},"product_cat":[189],"product_tag":[],"class_list":["post-6692","product","type-product","status-publish","has-post-thumbnail","hentry","product_cat-firebird"],"_links":{"self":[{"href":"https:\/\/coloresx.com\/es\/wp-json\/wp\/v2\/product\/6692","targetHints":{"allow":["GET"]}}],"collection":[{"href":"https:\/\/coloresx.com\/es\/wp-json\/wp\/v2\/product"}],"about":[{"href":"https:\/\/coloresx.com\/es\/wp-json\/wp\/v2\/types\/product"}],"wp:featuredmedia":[{"embeddable":true,"href":"https:\/\/coloresx.com\/es\/wp-json\/wp\/v2\/media\/6693"}],"wp:attachment":[{"href":"https:\/\/coloresx.com\/es\/wp-json\/wp\/v2\/media?parent=6692"}],"wp:term":[{"taxonomy":"product_cat","embeddable":true,"href":"https:\/\/coloresx.com\/es\/wp-json\/wp\/v2\/product_cat?post=6692"},{"taxonomy":"product_tag","embeddable":true,"href":"https:\/\/coloresx.com\/es\/wp-json\/wp\/v2\/product_tag?post=6692"}],"curies":[{"name":"wp","href":"https:\/\/api.w.org\/{rel}","templated":true}]}}