{"id":6690,"date":"2023-09-11T14:55:01","date_gmt":"2023-09-11T14:55:01","guid":{"rendered":"http:\/\/coloresx.com\/?post_type=product&#038;p=6690"},"modified":"2023-12-12T16:45:37","modified_gmt":"2023-12-12T16:45:37","slug":"fbxvivid-light-garment-pretreatment","status":"publish","type":"product","link":"https:\/\/coloresx.com\/es\/product\/fbxvivid-light-garment-pretreatment\/","title":{"rendered":"FBX-VIVID Pretratamiento de prendas ligeras"},"content":{"rendered":"<p>El mejor l\u00edquido de pretratamiento para su impresora Brother GTX, Epson, Polyprint, Ricoh DTG.\n\nPara la impresi\u00f3n CMYK para una lavabilidad incre\u00edble, m\u00e1xima vivacidad y claridad optimizada con un\u00a0<strong>12 meses de caducidad<\/strong>.<\/p>\n<p>Funciona con algodones, mezclas, poli\u00e9ster e incluso art\u00edculos que no sean de vestir, como bolsas de mano.\u00a0<strong>No es necesario diluir<\/strong>.<\/p>\n<p>Eche un vistazo a nuestras comparaciones para ver por qu\u00e9 deber\u00eda pretratar las prendas ligeras.<\/p>\n<p><strong>Compatibilidad: <\/strong>Todas las impresoras DTG con aplicaci\u00f3n h\u00famedo sobre seco<\/p>\n<p><strong> \u00dasalo: <\/strong><span class=\"OYPEnA text-decoration-none text-strikethrough-none\">Pretratamiento para impresi\u00f3n DTG cuando s\u00f3lo se utiliza tinta CMYK<\/span><\/p>\n<p><strong><span class=\"OYPEnA text-decoration-none text-strikethrough-none\">Modo de empleo:<\/span><\/strong><\/p>\n<ul>\n<li><span class=\"OYPEnA text-decoration-none text-strikethrough-none\">Trate su prenda con spray. Comience con s\u00f3lo 10 gramos y aumente seg\u00fan sea necesario. Antes de imprimir, seque FBX-VIVID a 165\u00b0C durante 20 segundos con presi\u00f3n media, o hasta que se disipe el vapor.<\/span><\/li>\n<li><span class=\"OYPEnA text-decoration-none text-strikethrough-none\">Una vez impreso, cure seg\u00fan las especificaciones del fabricante de la tinta.<\/span><\/li>\n<\/ul>\n<p>**Disponible en envase de 4 litros<\/p>\n<p><iframe loading=\"lazy\" title=\"FIREBIRD FBX-VIVID\u2122 Pretratamiento de prendas ligeras directo a prenda \/\/ Epson\u00ae F2000\u2122\" width=\"1160\" height=\"653\" src=\"https:\/\/www.youtube.com\/embed\/y29I_f8YSCo?feature=oembed\" frameborder=\"0\" allow=\"accelerometer; autoplay; clipboard-write; encrypted-media; gyroscope; picture-in-picture; web-share\" allowfullscreen><\/iframe><\/p>","protected":false},"excerpt":{"rendered":"<p>Para impresi\u00f3n CMYK para una incre\u00edble lavabilidad, m\u00e1xima viveza y claridad optimizada con una vida \u00fatil de 12 meses. Funciona con algodones, mezclas, poli\u00e9ster e incluso art\u00edculos que no son de vestir, como bolsas de mano. No es necesario diluir. Compruebe [...]<\/p>\n<p><a href=\"https:\/\/coloresx.com\/es\/product\/fbxvivid-light-garment-pretreatment\/\" class=\"more-link style2-button\">Seguir leyendo<\/a><\/p>","protected":false},"featured_media":6683,"template":"","meta":{"inline_featured_image":false},"product_cat":[189],"product_tag":[],"class_list":["post-6690","product","type-product","status-publish","has-post-thumbnail","hentry","product_cat-firebird"],"_links":{"self":[{"href":"https:\/\/coloresx.com\/es\/wp-json\/wp\/v2\/product\/6690","targetHints":{"allow":["GET"]}}],"collection":[{"href":"https:\/\/coloresx.com\/es\/wp-json\/wp\/v2\/product"}],"about":[{"href":"https:\/\/coloresx.com\/es\/wp-json\/wp\/v2\/types\/product"}],"wp:featuredmedia":[{"embeddable":true,"href":"https:\/\/coloresx.com\/es\/wp-json\/wp\/v2\/media\/6683"}],"wp:attachment":[{"href":"https:\/\/coloresx.com\/es\/wp-json\/wp\/v2\/media?parent=6690"}],"wp:term":[{"taxonomy":"product_cat","embeddable":true,"href":"https:\/\/coloresx.com\/es\/wp-json\/wp\/v2\/product_cat?post=6690"},{"taxonomy":"product_tag","embeddable":true,"href":"https:\/\/coloresx.com\/es\/wp-json\/wp\/v2\/product_tag?post=6690"}],"curies":[{"name":"wp","href":"https:\/\/api.w.org\/{rel}","templated":true}]}}