{"id":6688,"date":"2023-09-11T15:00:37","date_gmt":"2023-09-11T15:00:37","guid":{"rendered":"http:\/\/coloresx.com\/?post_type=product&#038;p=6688"},"modified":"2023-12-12T16:45:27","modified_gmt":"2023-12-12T16:45:27","slug":"fbx-nova-dark-garment-pretreatment","status":"publish","type":"product","link":"https:\/\/coloresx.com\/es\/product\/fbx-nova-oscuridad-prenda-retratamiento\/","title":{"rendered":"FBX-NOVA Pretratamiento de prendas oscuras"},"content":{"rendered":"<p><b>El pretratamiento DTG m\u00e1s eficaz del universo: El mejor l\u00edquido de pretratamiento para su impresora Brother GTX, Epson, Polyprint, Ricoh DTG.<\/b><\/p>\n<p>Renueve su flujo de trabajo con el pretratamiento DTG universal FBX-NOVA:<\/p>\n<ul>\n<li>ventana de aplicaci\u00f3n m\u00e1s amplia: pulverizaci\u00f3n sobre sudaderas, tri-blends y CVC, con colores que antes no eran posibles en DTG*.<\/li>\n<li>incre\u00edble viveza, m\u00e1s all\u00e1 de cualquiera de nuestras anteriores formulaciones DTG en spray<\/li>\n<li>menos pegajosidad, manchas y problemas con las fibras<\/li>\n<li>ayuda a reducir el mantenimiento del equipo de pulverizaci\u00f3n de pretratamiento<\/li>\n<li>empieza a pulverizar inmediatamente, sin necesidad de mezclar<\/li>\n<li>compatible con tintas FIREBIRD, Brother, Epson, Dupont, Kodak y Ricoh<\/li>\n<li>2 a\u00f1os de caducidad<\/li>\n<\/ul>\n<p>*El Pretratamiento DTG Universal FBX-NOVA est\u00e1 destinado \u00fanicamente a la impresi\u00f3n DTG con tinta blanca. Para impresiones sin tinta blanca, recomendamos utilizar el pretratamiento DTG FIREBIRD VIVID Light Garment.<\/p>\n<p><strong>Compatibilidad: <\/strong>Todas las impresoras DTG con aplicaci\u00f3n h\u00famedo sobre seco<\/p>\n<p><strong> \u00dasalo: <\/strong>Pretratamiento para impresi\u00f3n DTG con tinta blanca<\/p>\n<p>**Disponible en envase de 4 litros<\/p>","protected":false},"excerpt":{"rendered":"<p>The Most Efficient DTG Pretreatment in the Universe Revamp your workflow with FBX-NOVA Universal DTG Pretreatment: wider application window: spray on hoodies, tri-blends, and CVCs, with colors not previously possible [&hellip;]<\/p>\n<p><a href=\"https:\/\/coloresx.com\/es\/product\/fbx-nova-oscuridad-prenda-retratamiento\/\" class=\"more-link style2-button\">Seguir leyendo<\/a><\/p>","protected":false},"featured_media":6709,"template":"","meta":{"inline_featured_image":false},"product_cat":[189],"product_tag":[],"class_list":["post-6688","product","type-product","status-publish","has-post-thumbnail","hentry","product_cat-firebird"],"_links":{"self":[{"href":"https:\/\/coloresx.com\/es\/wp-json\/wp\/v2\/product\/6688","targetHints":{"allow":["GET"]}}],"collection":[{"href":"https:\/\/coloresx.com\/es\/wp-json\/wp\/v2\/product"}],"about":[{"href":"https:\/\/coloresx.com\/es\/wp-json\/wp\/v2\/types\/product"}],"wp:featuredmedia":[{"embeddable":true,"href":"https:\/\/coloresx.com\/es\/wp-json\/wp\/v2\/media\/6709"}],"wp:attachment":[{"href":"https:\/\/coloresx.com\/es\/wp-json\/wp\/v2\/media?parent=6688"}],"wp:term":[{"taxonomy":"product_cat","embeddable":true,"href":"https:\/\/coloresx.com\/es\/wp-json\/wp\/v2\/product_cat?post=6688"},{"taxonomy":"product_tag","embeddable":true,"href":"https:\/\/coloresx.com\/es\/wp-json\/wp\/v2\/product_tag?post=6688"}],"curies":[{"name":"wp","href":"https:\/\/api.w.org\/{rel}","templated":true}]}}