{"id":6348,"date":"2023-09-01T10:13:02","date_gmt":"2023-09-01T10:13:02","guid":{"rendered":"http:\/\/coloresx.com\/?page_id=6348"},"modified":"2025-10-06T18:15:10","modified_gmt":"2025-10-06T18:15:10","slug":"products","status":"publish","type":"page","link":"https:\/\/coloresx.com\/es\/productos\/","title":{"rendered":"Productos"},"content":{"rendered":"<div data-elementor-type=\"wp-page\" data-elementor-id=\"6348\" class=\"elementor elementor-6348\" data-elementor-post-type=\"page\">\n\t\t\t\t\t\t\t\t\t<section class=\"elementor-section elementor-top-section elementor-element elementor-element-933613c elementor-section-boxed elementor-section-height-default elementor-section-height-default\" data-id=\"933613c\" data-element_type=\"section\" data-settings=\"{&quot;background_background&quot;:&quot;classic&quot;}\">\n\t\t\t\t\t\t<div class=\"elementor-container elementor-column-gap-default\">\n\t\t\t\t\t<div class=\"elementor-column elementor-col-100 elementor-top-column elementor-element elementor-element-4a85044\" data-id=\"4a85044\" data-element_type=\"column\">\n\t\t\t<div class=\"elementor-widget-wrap elementor-element-populated\">\n\t\t\t\t\t\t\t\t<div class=\"elementor-element elementor-element-8e65ad5 elementor-widget elementor-widget-heading\" data-id=\"8e65ad5\" data-element_type=\"widget\" data-widget_type=\"heading.default\">\n\t\t\t\t<div class=\"elementor-widget-container\">\n\t\t\t<style>\/*! elementor - v3.16.0 - 09-10-2023 *\/\n.elementor-heading-title{padding:0;margin:0;line-height:1}.elementor-widget-heading .elementor-heading-title[class*=elementor-size-]>a{color:inherit;font-size:inherit;line-height:inherit}.elementor-widget-heading .elementor-heading-title.elementor-size-small{font-size:15px}.elementor-widget-heading .elementor-heading-title.elementor-size-medium{font-size:19px}.elementor-widget-heading .elementor-heading-title.elementor-size-large{font-size:29px}.elementor-widget-heading .elementor-heading-title.elementor-size-xl{font-size:39px}.elementor-widget-heading .elementor-heading-title.elementor-size-xxl{font-size:59px}<\/style><h1 class=\"elementor-heading-title elementor-size-default\">Nuestros productos<\/h1>\t\t<\/div>\n\t\t\t\t<\/div>\n\t\t\t\t\t<\/div>\n\t\t<\/div>\n\t\t\t\t\t\t\t<\/div>\n\t\t<\/section>\n\t\t\t\t<section class=\"elementor-section elementor-top-section elementor-element elementor-element-746e530 elementor-section-boxed elementor-section-height-default elementor-section-height-default\" data-id=\"746e530\" data-element_type=\"section\">\n\t\t\t\t\t\t<div class=\"elementor-container elementor-column-gap-default\">\n\t\t\t\t\t<div class=\"elementor-column elementor-col-100 elementor-top-column elementor-element elementor-element-af7f338\" data-id=\"af7f338\" data-element_type=\"column\">\n\t\t\t<div class=\"elementor-widget-wrap elementor-element-populated\">\n\t\t\t\t\t\t\t\t<div class=\"elementor-element elementor-element-78a1c18 animated-slow elementor-grid-3 elementor-grid-tablet-3 elementor-grid-mobile-2 elementor-products-grid elementor-wc-products elementor-invisible elementor-widget elementor-widget-wc-categories\" data-id=\"78a1c18\" data-element_type=\"widget\" data-settings=\"{&quot;_animation&quot;:&quot;fadeIn&quot;}\" data-widget_type=\"wc-categories.default\">\n\t\t\t\t<div class=\"elementor-widget-container\">\n\t\t\t<link rel=\"stylesheet\" href=\"https:\/\/coloresx.com\/wp-content\/plugins\/elementor-pro\/assets\/css\/widget-woocommerce.min.css\"><div class=\"woocommerce columns-3\"><ul class=\"products elementor-grid columns-3\">\n<li class=\"product-category product first\">\n\t<\/li>\n<li class=\"product-category product\">\n\t<\/li>\n<li class=\"product-category product last\">\n\t<\/li>\n<li class=\"product-category product first\">\n\t<\/li>\n<li class=\"product-category product\">\n\t<\/li>\n<li class=\"product-category product last\">\n\t<\/li>\n<li class=\"product-category product first\">\n\t<\/li>\n<\/ul>\n<\/div>\t\t<\/div>\n\t\t\t\t<\/div>\n\t\t\t\t\t<\/div>\n\t\t<\/div>\n\t\t\t\t\t\t\t<\/div>\n\t\t<\/section>\n\t\t\t\t<section class=\"elementor-section elementor-top-section elementor-element elementor-element-1c7319e elementor-section-boxed elementor-section-height-default elementor-section-height-default\" data-id=\"1c7319e\" data-element_type=\"section\" data-settings=\"{&quot;background_background&quot;:&quot;classic&quot;}\">\n\t\t\t\t\t\t<div class=\"elementor-container elementor-column-gap-default\">\n\t\t\t\t\t<div class=\"elementor-column elementor-col-50 elementor-top-column elementor-element elementor-element-b8780a2\" data-id=\"b8780a2\" data-element_type=\"column\">\n\t\t\t<div class=\"elementor-widget-wrap elementor-element-populated\">\n\t\t\t\t\t\t\t\t<div class=\"elementor-element elementor-element-9585ef0 elementor-widget elementor-widget-image\" data-id=\"9585ef0\" data-element_type=\"widget\" data-widget_type=\"image.default\">\n\t\t\t\t<div class=\"elementor-widget-container\">\n\t\t\t<style>\/*! elementor - v3.16.0 - 09-10-2023 *\/\n.elementor-widget-image{text-align:center}.elementor-widget-image a{display:inline-block}.elementor-widget-image a img[src$=\".svg\"]{width:48px}.elementor-widget-image img{vertical-align:middle;display:inline-block}<\/style>\t\t\t\t\t\t\t\t\t\t\t\t<img decoding=\"async\" width=\"1024\" height=\"1024\" src=\"https:\/\/coloresx.com\/wp-content\/uploads\/conversation-1.svg\" class=\"attachment-large size-large wp-image-6330\" alt=\"\" \/>\t\t\t\t\t\t\t\t\t\t\t\t\t\t\t<\/div>\n\t\t\t\t<\/div>\n\t\t\t\t<div class=\"elementor-element elementor-element-0dcbac9 elementor-widget__width-initial elementor-widget elementor-widget-heading\" data-id=\"0dcbac9\" data-element_type=\"widget\" data-widget_type=\"heading.default\">\n\t\t\t\t<div class=\"elementor-widget-container\">\n\t\t\t<h1 class=\"elementor-heading-title elementor-size-default\">Ahorra tiempo, solicita <span class=\"red-text\">una consulta gratuita<\/span><\/h1>\t\t<\/div>\n\t\t\t\t<\/div>\n\t\t\t\t<div class=\"elementor-element elementor-element-8382f34 elementor-widget__width-initial elementor-widget elementor-widget-heading\" data-id=\"8382f34\" data-element_type=\"widget\" data-widget_type=\"heading.default\">\n\t\t\t\t<div class=\"elementor-widget-container\">\n\t\t\t<div class=\"elementor-heading-title elementor-size-default\">Si buscas una soluci\u00f3n de impresi\u00f3n para tu empresa, ahorra tiempo concertando una llamada de consulta gratuita y sin compromiso.<\/div>\t\t<\/div>\n\t\t\t\t<\/div>\n\t\t\t\t<section class=\"elementor-section elementor-inner-section elementor-element elementor-element-839625d elementor-section-boxed elementor-section-height-default elementor-section-height-default\" data-id=\"839625d\" data-element_type=\"section\">\n\t\t\t\t\t\t<div class=\"elementor-container elementor-column-gap-default\">\n\t\t\t\t\t<div class=\"elementor-column elementor-col-50 elementor-inner-column elementor-element elementor-element-15aeb7e\" data-id=\"15aeb7e\" data-element_type=\"column\">\n\t\t\t<div class=\"elementor-widget-wrap elementor-element-populated\">\n\t\t\t\t\t\t\t\t<div class=\"elementor-element elementor-element-58a3500 list-hover-link elementor-icon-list--layout-traditional elementor-list-item-link-full_width elementor-widget elementor-widget-icon-list\" data-id=\"58a3500\" data-element_type=\"widget\" data-widget_type=\"icon-list.default\">\n\t\t\t\t<div class=\"elementor-widget-container\">\n\t\t\t<link rel=\"stylesheet\" href=\"https:\/\/coloresx.com\/wp-content\/plugins\/elementor\/assets\/css\/widget-icon-list.min.css\">\t\t<ul class=\"elementor-icon-list-items\">\n\t\t\t\t\t\t\t<li class=\"elementor-icon-list-item\">\n\t\t\t\t\t\t\t\t\t\t<span class=\"elementor-icon-list-text\">Finlandia, Suecia, Noruega, Dinamarca, Letonia, Lituania y Estonia:<\/span>\n\t\t\t\t\t\t\t\t\t<\/li>\n\t\t\t\t\t\t\t\t<li class=\"elementor-icon-list-item\">\n\t\t\t\t\t\t\t\t\t\t\t<a href=\"mailto:coloresx@coloresx.com\">\n\n\t\t\t\t\t\t\t\t\t\t\t\t<span class=\"elementor-icon-list-icon\">\n\t\t\t\t\t\t\t<svg xmlns=\"http:\/\/www.w3.org\/2000\/svg\" width=\"24\" height=\"25\" viewbox=\"0 0 24 25\" fill=\"none\"><g id=\"lucide:mail\"><g id=\"Group\"><path id=\"Vector\" d=\"M18.4 6.87891H5.6C4.71634 6.87891 4 7.59525 4 8.47891V18.0789C4 18.9626 4.71634 19.6789 5.6 19.6789H18.4C19.2837 19.6789 20 18.9626 20 18.0789V8.47891C20 7.59525 19.2837 6.87891 18.4 6.87891Z\" stroke=\"#333333\" stroke-width=\"1.4\" stroke-linecap=\"round\" stroke-linejoin=\"round\"><\/path><path id=\"Vector_2\" d=\"M20 9.27832L12.824 13.8383C12.577 13.9931 12.2915 14.0751 12 14.0751C11.7085 14.0751 11.423 13.9931 11.176 13.8383L4 9.27832\" stroke=\"#333333\" stroke-width=\"1.4\" stroke-linecap=\"round\" stroke-linejoin=\"round\"><\/path><\/g><\/g><\/svg>\t\t\t\t\t\t<\/span>\n\t\t\t\t\t\t\t\t\t\t<span class=\"elementor-icon-list-text\">raivis@coloresx.com<\/span>\n\t\t\t\t\t\t\t\t\t\t\t<\/a>\n\t\t\t\t\t\t\t\t\t<\/li>\n\t\t\t\t\t\t\t\t<li class=\"elementor-icon-list-item\">\n\t\t\t\t\t\t\t\t\t\t\t<a href=\"tel: 37126469664\">\n\n\t\t\t\t\t\t\t\t\t\t\t\t<span class=\"elementor-icon-list-icon\">\n\t\t\t\t\t\t\t<svg xmlns=\"http:\/\/www.w3.org\/2000\/svg\" width=\"24\" height=\"25\" viewbox=\"0 0 24 25\" fill=\"none\"><g id=\"ph:phone\"><path id=\"Vector\" d=\"M20.8472 15.7343L16.4306 13.7553L16.4184 13.7497C16.1892 13.6516 15.939 13.6122 15.6907 13.6351C15.4424 13.6581 15.2037 13.7425 14.9963 13.8809C14.9718 13.897 14.9484 13.9146 14.9259 13.9334L12.6441 15.8787C11.1984 15.1765 9.70595 13.6953 9.00376 12.2684L10.9519 9.95184C10.9706 9.9284 10.9884 9.90497 11.0053 9.87965C11.1407 9.67275 11.2229 9.43558 11.2445 9.18925C11.2661 8.94293 11.2264 8.69508 11.1291 8.46778V8.45653L9.14438 4.03247C9.0157 3.73553 8.79444 3.48817 8.51362 3.32732C8.2328 3.16646 7.9075 3.10074 7.58626 3.13997C6.31592 3.30713 5.14986 3.931 4.30588 4.89506C3.4619 5.85911 2.99771 7.09743 3.00001 8.37872C3.00001 15.8225 9.05626 21.8787 16.5 21.8787C17.7813 21.881 19.0196 21.4168 19.9837 20.5728C20.9477 19.7289 21.5716 18.5628 21.7388 17.2925C21.7781 16.9713 21.7125 16.6461 21.5518 16.3653C21.3911 16.0845 21.144 15.8632 20.8472 15.7343ZM16.5 20.3787C13.3185 20.3752 10.2682 19.1098 8.01856 16.8602C5.76888 14.6105 4.50348 11.5602 4.50001 8.37872C4.49648 7.46324 4.82631 6.57777 5.42789 5.88769C6.02947 5.19761 6.86167 4.75009 7.76907 4.62872C7.7687 4.63246 7.7687 4.63623 7.76907 4.63997L9.73782 9.04622L7.80001 11.3656C7.78034 11.3882 7.76247 11.4124 7.74657 11.4378C7.60549 11.6543 7.52273 11.9035 7.5063 12.1614C7.48988 12.4193 7.54035 12.677 7.65282 12.9097C8.5022 14.6468 10.2525 16.384 12.0084 17.2325C12.2428 17.3439 12.502 17.3926 12.7608 17.3739C13.0196 17.3551 13.2692 17.2696 13.485 17.1256C13.5091 17.1094 13.5322 17.0919 13.5544 17.0731L15.8334 15.1287L20.2397 17.1022H20.25C20.1301 18.0108 19.6833 18.8447 18.9931 19.4478C18.3028 20.0509 17.4166 20.3818 16.5 20.3787Z\" fill=\"#333333\"><\/path><\/g><\/svg>\t\t\t\t\t\t<\/span>\n\t\t\t\t\t\t\t\t\t\t<span class=\"elementor-icon-list-text\">+371 264 69 664<\/span>\n\t\t\t\t\t\t\t\t\t\t\t<\/a>\n\t\t\t\t\t\t\t\t\t<\/li>\n\t\t\t\t\t\t<\/ul>\n\t\t\t\t<\/div>\n\t\t\t\t<\/div>\n\t\t\t\t\t<\/div>\n\t\t<\/div>\n\t\t\t\t<div class=\"elementor-column elementor-col-50 elementor-inner-column elementor-element elementor-element-02eb6ee\" data-id=\"02eb6ee\" data-element_type=\"column\">\n\t\t\t<div class=\"elementor-widget-wrap elementor-element-populated\">\n\t\t\t\t\t\t\t\t<div class=\"elementor-element elementor-element-f513695 list-hover-link elementor-icon-list--layout-traditional elementor-list-item-link-full_width elementor-widget elementor-widget-icon-list\" data-id=\"f513695\" data-element_type=\"widget\" data-widget_type=\"icon-list.default\">\n\t\t\t\t<div class=\"elementor-widget-container\">\n\t\t\t\t\t<ul class=\"elementor-icon-list-items\">\n\t\t\t\t\t\t\t<li class=\"elementor-icon-list-item\">\n\t\t\t\t\t\t\t\t\t\t<span class=\"elementor-icon-list-text\"><\/span>\n\t\t\t\t\t\t\t\t\t<\/li>\n\t\t\t\t\t\t\t\t<li class=\"elementor-icon-list-item\">\n\t\t\t\t\t\t\t\t\t\t<span class=\"elementor-icon-list-text\">Espa\u00f1a y Portugal:<\/span>\n\t\t\t\t\t\t\t\t\t<\/li>\n\t\t\t\t\t\t\t\t<li class=\"elementor-icon-list-item\">\n\t\t\t\t\t\t\t\t\t\t<span class=\"elementor-icon-list-text\"><\/span>\n\t\t\t\t\t\t\t\t\t<\/li>\n\t\t\t\t\t\t\t\t<li class=\"elementor-icon-list-item\">\n\t\t\t\t\t\t\t\t\t\t\t<a href=\"mailto:coloresx@coloresx.com\">\n\n\t\t\t\t\t\t\t\t\t\t\t\t<span class=\"elementor-icon-list-icon\">\n\t\t\t\t\t\t\t<svg xmlns=\"http:\/\/www.w3.org\/2000\/svg\" width=\"24\" height=\"25\" viewbox=\"0 0 24 25\" fill=\"none\"><g id=\"lucide:mail\"><g id=\"Group\"><path id=\"Vector\" d=\"M18.4 6.87891H5.6C4.71634 6.87891 4 7.59525 4 8.47891V18.0789C4 18.9626 4.71634 19.6789 5.6 19.6789H18.4C19.2837 19.6789 20 18.9626 20 18.0789V8.47891C20 7.59525 19.2837 6.87891 18.4 6.87891Z\" stroke=\"#333333\" stroke-width=\"1.4\" stroke-linecap=\"round\" stroke-linejoin=\"round\"><\/path><path id=\"Vector_2\" d=\"M20 9.27832L12.824 13.8383C12.577 13.9931 12.2915 14.0751 12 14.0751C11.7085 14.0751 11.423 13.9931 11.176 13.8383L4 9.27832\" stroke=\"#333333\" stroke-width=\"1.4\" stroke-linecap=\"round\" stroke-linejoin=\"round\"><\/path><\/g><\/g><\/svg>\t\t\t\t\t\t<\/span>\n\t\t\t\t\t\t\t\t\t\t<span class=\"elementor-icon-list-text\">coloresx@coloresx.com<\/span>\n\t\t\t\t\t\t\t\t\t\t\t<\/a>\n\t\t\t\t\t\t\t\t\t<\/li>\n\t\t\t\t\t\t\t\t<li class=\"elementor-icon-list-item\">\n\t\t\t\t\t\t\t\t\t\t\t<a href=\"tel: 37126469664\">\n\n\t\t\t\t\t\t\t\t\t\t\t\t<span class=\"elementor-icon-list-icon\">\n\t\t\t\t\t\t\t<svg xmlns=\"http:\/\/www.w3.org\/2000\/svg\" width=\"24\" height=\"25\" viewbox=\"0 0 24 25\" fill=\"none\"><g id=\"ph:phone\"><path id=\"Vector\" d=\"M20.8472 15.7343L16.4306 13.7553L16.4184 13.7497C16.1892 13.6516 15.939 13.6122 15.6907 13.6351C15.4424 13.6581 15.2037 13.7425 14.9963 13.8809C14.9718 13.897 14.9484 13.9146 14.9259 13.9334L12.6441 15.8787C11.1984 15.1765 9.70595 13.6953 9.00376 12.2684L10.9519 9.95184C10.9706 9.9284 10.9884 9.90497 11.0053 9.87965C11.1407 9.67275 11.2229 9.43558 11.2445 9.18925C11.2661 8.94293 11.2264 8.69508 11.1291 8.46778V8.45653L9.14438 4.03247C9.0157 3.73553 8.79444 3.48817 8.51362 3.32732C8.2328 3.16646 7.9075 3.10074 7.58626 3.13997C6.31592 3.30713 5.14986 3.931 4.30588 4.89506C3.4619 5.85911 2.99771 7.09743 3.00001 8.37872C3.00001 15.8225 9.05626 21.8787 16.5 21.8787C17.7813 21.881 19.0196 21.4168 19.9837 20.5728C20.9477 19.7289 21.5716 18.5628 21.7388 17.2925C21.7781 16.9713 21.7125 16.6461 21.5518 16.3653C21.3911 16.0845 21.144 15.8632 20.8472 15.7343ZM16.5 20.3787C13.3185 20.3752 10.2682 19.1098 8.01856 16.8602C5.76888 14.6105 4.50348 11.5602 4.50001 8.37872C4.49648 7.46324 4.82631 6.57777 5.42789 5.88769C6.02947 5.19761 6.86167 4.75009 7.76907 4.62872C7.7687 4.63246 7.7687 4.63623 7.76907 4.63997L9.73782 9.04622L7.80001 11.3656C7.78034 11.3882 7.76247 11.4124 7.74657 11.4378C7.60549 11.6543 7.52273 11.9035 7.5063 12.1614C7.48988 12.4193 7.54035 12.677 7.65282 12.9097C8.5022 14.6468 10.2525 16.384 12.0084 17.2325C12.2428 17.3439 12.502 17.3926 12.7608 17.3739C13.0196 17.3551 13.2692 17.2696 13.485 17.1256C13.5091 17.1094 13.5322 17.0919 13.5544 17.0731L15.8334 15.1287L20.2397 17.1022H20.25C20.1301 18.0108 19.6833 18.8447 18.9931 19.4478C18.3028 20.0509 17.4166 20.3818 16.5 20.3787Z\" fill=\"#333333\"><\/path><\/g><\/svg>\t\t\t\t\t\t<\/span>\n\t\t\t\t\t\t\t\t\t\t<span class=\"elementor-icon-list-text\">+371 264 69 664<\/span>\n\t\t\t\t\t\t\t\t\t\t\t<\/a>\n\t\t\t\t\t\t\t\t\t<\/li>\n\t\t\t\t\t\t<\/ul>\n\t\t\t\t<\/div>\n\t\t\t\t<\/div>\n\t\t\t\t\t<\/div>\n\t\t<\/div>\n\t\t\t\t\t\t\t<\/div>\n\t\t<\/section>\n\t\t\t\t\t<\/div>\n\t\t<\/div>\n\t\t\t\t<div class=\"elementor-column elementor-col-50 elementor-top-column elementor-element elementor-element-146762e\" data-id=\"146762e\" data-element_type=\"column\">\n\t\t\t<div class=\"elementor-widget-wrap elementor-element-populated\">\n\t\t\t\t\t\t\t\t<div class=\"elementor-element elementor-element-231e037 elementor-widget elementor-widget-shortcode\" data-id=\"231e037\" data-element_type=\"widget\" data-widget_type=\"shortcode.default\">\n\t\t\t\t<div class=\"elementor-widget-container\">\n\t\t\t\t\t<div class=\"elementor-shortcode\">\n<div class=\"wpcf7 no-js\" id=\"wpcf7-f3940-o1\" lang=\"en-US\" dir=\"ltr\">\n<div class=\"screen-reader-response\"><p role=\"status\" aria-live=\"polite\" aria-atomic=\"true\"><\/p> <ul><\/ul><\/div>\n<form action=\"\/es\/wp-json\/wp\/v2\/pages\/6348#wpcf7-f3940-o1\" method=\"post\" class=\"wpcf7-form init footer-cf7\" aria-label=\"Formulario de contacto\" novalidate=\"novalidate\" data-status=\"init\" data-trp-original-action=\"\/es\/wp-json\/wp\/v2\/pages\/6348#wpcf7-f3940-o1\">\n<div style=\"display: none;\">\n<input type=\"hidden\" name=\"_wpcf7\" value=\"3940\" \/>\n<input type=\"hidden\" name=\"_wpcf7_version\" value=\"5.8.1\" \/>\n<input type=\"hidden\" name=\"_wpcf7_locale\" value=\"en_US\" \/>\n<input type=\"hidden\" name=\"_wpcf7_unit_tag\" value=\"wpcf7-f3940-o1\" \/>\n<input type=\"hidden\" name=\"_wpcf7_container_post\" value=\"0\" \/>\n<input type=\"hidden\" name=\"_wpcf7_posted_data_hash\" value=\"\" \/>\n<input type=\"hidden\" name=\"_wpcf7_recaptcha_response\" value=\"\" \/>\n<\/div>\n<div class=\"uacf7-form-3940\"><label><span class=\"wpcf7-form-control-wrap\" data-name=\"fullname\"><input size=\"40\" class=\"wpcf7-form-control wpcf7-text wpcf7-validates-as-required\" autocomplete=\"name\" aria-required=\"true\" aria-invalid=\"false\" placeholder=\"Nombre*\" value=\"\" type=\"text\" name=\"fullname\" \/><\/span><\/label>\n\n<label><span class=\"wpcf7-form-control-wrap\" data-name=\"email\"><input size=\"40\" class=\"wpcf7-form-control wpcf7-email wpcf7-validates-as-required wpcf7-text wpcf7-validates-as-email\" autocomplete=\"email\" aria-required=\"true\" aria-invalid=\"false\" placeholder=\"Correo electr\u00f3nico*\" value=\"\" type=\"email\" name=\"email\" \/><\/span><\/label>\n\n<label><span class=\"wpcf7-form-control-wrap\" data-name=\"phone\"><input size=\"40\" class=\"wpcf7-form-control wpcf7-phonetext wpcf7-text wpcf7-validates-as-phonetext\" data-numberonly=\"true\" aria-invalid=\"false\" placeholder=\"Tel\u00e9fono\" value=\"\" type=\"text\" name=\"phone\" \/><input type=\"hidden\" name=\"phone-country-code\" class=\"wpcf7-phonetext-country-code\" \/><\/span><\/label>\n\n<label><span class=\"wpcf7-form-control-wrap\" data-name=\"message\"><textarea cols=\"40\" rows=\"10\" class=\"wpcf7-form-control wpcf7-textarea wpcf7-validates-as-required\" aria-required=\"true\" aria-invalid=\"false\" placeholder=\"\u00bfEn qu\u00e9 podemos ayudarle?*\" name=\"message\"><\/textarea><\/span><\/label>\n\n<input class=\"wpcf7-form-control wpcf7-submit has-spinner\" type=\"submit\" value=\"Enviar mensaje\" \/><\/div><div class=\"wpcf7-response-output\" aria-hidden=\"true\"><\/div>\n<input type=\"hidden\" name=\"trp-form-language\" value=\"es\"\/><\/form>\n<\/div>\n<\/div>\n\t\t\t\t<\/div>\n\t\t\t\t<\/div>\n\t\t\t\t\t<\/div>\n\t\t<\/div>\n\t\t\t\t\t\t\t<\/div>\n\t\t<\/section>\n\t\t\t\t<section class=\"elementor-section elementor-top-section elementor-element elementor-element-962fdcf elementor-section-boxed elementor-section-height-default elementor-section-height-default\" data-id=\"962fdcf\" data-element_type=\"section\">\n\t\t\t\t\t\t<div class=\"elementor-container elementor-column-gap-default\">\n\t\t\t\t\t<div class=\"elementor-column elementor-col-100 elementor-top-column elementor-element elementor-element-004a0b4\" data-id=\"004a0b4\" data-element_type=\"column\">\n\t\t\t<div class=\"elementor-widget-wrap\">\n\t\t\t\t\t\t\t\t\t<\/div>\n\t\t<\/div>\n\t\t\t\t\t\t\t<\/div>\n\t\t<\/section>\n\t\t\t\t\t\t\t<\/div>","protected":false},"excerpt":{"rendered":"<p>Nuestros productos Ahorre tiempo, reg\u00edstrese para una consulta gratuita Si est\u00e1 buscando una soluci\u00f3n de impresi\u00f3n para su empresa, ahorre tiempo registr\u00e1ndose para una consulta gratuita y sin compromiso [...].<\/p>\n<p><a href=\"https:\/\/coloresx.com\/es\/productos\/\" class=\"more-link style2-button\">Seguir leyendo<\/a><\/p>","protected":false},"author":2,"featured_media":0,"parent":0,"menu_order":0,"comment_status":"closed","ping_status":"closed","template":"elementor_header_footer","meta":{"inline_featured_image":false,"footnotes":""},"class_list":["post-6348","page","type-page","status-publish","hentry"],"_links":{"self":[{"href":"https:\/\/coloresx.com\/es\/wp-json\/wp\/v2\/pages\/6348","targetHints":{"allow":["GET"]}}],"collection":[{"href":"https:\/\/coloresx.com\/es\/wp-json\/wp\/v2\/pages"}],"about":[{"href":"https:\/\/coloresx.com\/es\/wp-json\/wp\/v2\/types\/page"}],"author":[{"embeddable":true,"href":"https:\/\/coloresx.com\/es\/wp-json\/wp\/v2\/users\/2"}],"replies":[{"embeddable":true,"href":"https:\/\/coloresx.com\/es\/wp-json\/wp\/v2\/comments?post=6348"}],"version-history":[{"count":63,"href":"https:\/\/coloresx.com\/es\/wp-json\/wp\/v2\/pages\/6348\/revisions"}],"predecessor-version":[{"id":8139,"href":"https:\/\/coloresx.com\/es\/wp-json\/wp\/v2\/pages\/6348\/revisions\/8139"}],"wp:attachment":[{"href":"https:\/\/coloresx.com\/es\/wp-json\/wp\/v2\/media?parent=6348"}],"curies":[{"name":"wp","href":"https:\/\/api.w.org\/{rel}","templated":true}]}}